{"id":1942,"date":"2020-03-20T16:21:49","date_gmt":"2020-03-20T15:21:49","guid":{"rendered":"https:\/\/casascala.isoladelba.it\/2020\/?page_id=1942"},"modified":"2020-08-07T17:03:41","modified_gmt":"2020-08-07T15:03:41","slug":"su-di-noi","status":"publish","type":"page","link":"https:\/\/casascala.isoladelba.it\/wp\/it\/su-di-noi\/","title":{"rendered":"Su di noi"},"content":{"rendered":"<div class=\"wpb-content-wrapper\"><p>[vc_row content_placement=&#8221;middle&#8221; css=&#8221;.vc_custom_1583362735289{margin-right: 0px !important;margin-left: 0px !important;padding-bottom: 20px !important;}&#8221;][vc_column width=&#8221;1\/2&#8243; css=&#8221;.vc_custom_1596812607244{margin-top: -20px !important;margin-right: 0px !important;padding-top: 50px !important;padding-right: 0px !important;padding-bottom: 50px !important;}&#8221;]<div id=\"ultimate-heading-130469e7389848e2b\" class=\"uvc-heading ult-adjust-bottom-margin ultimate-heading-130469e7389848e2b uvc-9726  uvc-heading-default-font-sizes\" data-hspacer=\"no_spacer\"  data-halign=\"left\" style=\"text-align:left\"><div class=\"uvc-heading-spacer no_spacer\" style=\"top\"><\/div><div class=\"uvc-main-heading ult-responsive\"  data-ultimate-target='.uvc-heading.ultimate-heading-130469e7389848e2b h2'  data-responsive-json-new='{\"font-size\":\"\",\"line-height\":\"\"}' ><h2 style=\"--font-weight:theme;margin-bottom:50px;\">La nostra storia<\/h2><\/div><div class=\"uvc-sub-heading ult-responsive\"  data-ultimate-target='.uvc-heading.ultimate-heading-130469e7389848e2b .uvc-sub-heading '  data-responsive-json-new='{\"font-size\":\"\",\"line-height\":\"\"}'  style=\"font-weight:normal;\">Casa Scala \u00e8 una tipica abitazione di stile toscano dell\u2019Isola d\u2019Elba, completamente ristrutturata, situata in una verdeggiante zona a pochi passi dal mare. Gli appartamenti Casa Scala sono a 2 chilometri dalla citt\u00e0 di Marina di Campo, una delle pi\u00f9 rinomate localit\u00e0 dell&#8217;Elba. I pi\u00f9 importanti punti di interesse sono facilmente raggiungibili grazie alle biciclette messe a disposizione gratuitamente per gli ospiti degli appartamenti Casa Scala.\u00a0La nostra sistemazione vi offre tutto ci\u00f2 che vi serve per vivere un alloggio all&#8217;insegna del divertimento e del relax.<\/p>\n<p><\/div><\/div>[\/vc_column][vc_column width=&#8221;1\/2&#8243; css=&#8221;.vc_custom_1583358913225{padding-top: 0px !important;padding-right: 0px !important;padding-bottom: 0px !important;padding-left: 0px !important;background-color: #ffffff !important;}&#8221;]<style type=\"text\/css\" data-type=\"the7_shortcodes-inline-css\">.shortcode-single-image-wrap.shortcode-single-image-380881da2ce3f5cbafff949ea0fd3dcb.enable-bg-rollover .rollover i,\n.shortcode-single-image-wrap.shortcode-single-image-380881da2ce3f5cbafff949ea0fd3dcb.enable-bg-rollover .rollover-video i {\n  background: -webkit-linear-gradient();\n  background: linear-gradient();\n}\n.shortcode-single-image-wrap.shortcode-single-image-380881da2ce3f5cbafff949ea0fd3dcb .rollover-icon {\n  font-size: 32px;\n  color: #ffffff;\n  min-width: 44px;\n  min-height: 44px;\n  line-height: 44px;\n  border-radius: 100px;\n  border-style: solid;\n  border-width: 0px;\n}\n.dt-icon-bg-on.shortcode-single-image-wrap.shortcode-single-image-380881da2ce3f5cbafff949ea0fd3dcb .rollover-icon {\n  background: rgba(255,255,255,0.3);\n  box-shadow: none;\n}\n<\/style><div class=\"shortcode-single-image-wrap shortcode-single-image-380881da2ce3f5cbafff949ea0fd3dcb alignnone  enable-bg-rollover dt-icon-bg-off\" style=\"margin-top:0px; margin-bottom:0px; margin-left:0px; margin-right:0px; width:500px;\"><div class=\"shortcode-single-image\"><div class=\"fancy-media-wrap\" style=\"\"><a class=\"layzr-bg rollover rollover-zoom dt-pswp-item pswp-image\" href=\"https:\/\/casascala.isoladelba.it\/wp\/wp-content\/uploads\/2020\/07\/586-Filetto-Casascala-2-scaled.jpg\" title=\"586 Filetto Casascala\" data-dt-img-description=\"\" data-large_image_width=\"2560\" data-large_image_height = \"1920\"  style=\"\"><img fetchpriority=\"high\" decoding=\"async\" class=\"preload-me lazy-load aspect\" src=\"data:image\/svg+xml,%3Csvg%20xmlns%3D&#39;http%3A%2F%2Fwww.w3.org%2F2000%2Fsvg&#39;%20viewBox%3D&#39;0%200%20500%20375&#39;%2F%3E\" data-src=\"https:\/\/casascala.isoladelba.it\/wp\/wp-content\/uploads\/2020\/07\/586-Filetto-Casascala-2-scaled-500x375.jpg\" data-srcset=\"https:\/\/casascala.isoladelba.it\/wp\/wp-content\/uploads\/2020\/07\/586-Filetto-Casascala-2-scaled-500x375.jpg 500w, https:\/\/casascala.isoladelba.it\/wp\/wp-content\/uploads\/2020\/07\/586-Filetto-Casascala-2-scaled-1000x750.jpg 1000w\" loading=\"eager\" style=\"--ratio: 500 \/ 375\" sizes=\"(max-width: 500px) 100vw, 500px\" width=\"500\" height=\"375\"  data-dt-location=\"https:\/\/casascala.isoladelba.it\/wp\/it\/appartamenti\/586-filetto-casascala-3\/\" alt=\"\" \/><\/a><\/div><\/div><\/div>[\/vc_column][\/vc_row][vc_row equal_height=&#8221;yes&#8221; content_placement=&#8221;middle&#8221; css=&#8221;.vc_custom_1583402742669{margin-right: 0px !important;margin-left: 0px !important;padding-bottom: 0px !important;}&#8221;][vc_column width=&#8221;1\/2&#8243; css=&#8221;.vc_custom_1596812618418{margin-top: -60px !important;margin-right: 0px !important;padding-top: 100px !important;padding-right: 0px !important;padding-bottom: 100px !important;}&#8221;]<div id=\"ultimate-heading-310769e738984b4c0\" class=\"uvc-heading ult-adjust-bottom-margin ultimate-heading-310769e738984b4c0 uvc-5225  uvc-heading-default-font-sizes\" data-hspacer=\"no_spacer\"  data-halign=\"left\" style=\"text-align:left\"><div class=\"uvc-heading-spacer no_spacer\" style=\"top\"><\/div><div class=\"uvc-main-heading ult-responsive\"  data-ultimate-target='.uvc-heading.ultimate-heading-310769e738984b4c0 h2'  data-responsive-json-new='{\"font-size\":\"\",\"line-height\":\"\"}' ><h2 style=\"--font-weight:theme;margin-bottom:px;\">Dove siamo<\/h2><\/div><div class=\"uvc-sub-heading ult-responsive\"  data-ultimate-target='.uvc-heading.ultimate-heading-310769e738984b4c0 .uvc-sub-heading '  data-responsive-json-new='{\"font-size\":\"\",\"line-height\":\"\"}'  style=\"font-weight:normal;\">L&#8217;isola d&#8217;Elba, situata tra il mar Tirreno e il mar Ligure, \u00e8 la pi\u00f9 grande delle isole dell&#8217;Arcipelago Toscano. L&#8217;isola \u00e8 suddivisa in sette comuni: Campo nell\u2019Elba, Capoliveri, Marciana, Marciana Marina, Porto Azzurro, Portoferraio, Rio Marina e Rio nell\u2019Elba.<\/p>\n<p>Casa Scala \u00e8 situata nella zona a sud-ovest dell&#8217;Isola. <\/div><\/div>[\/vc_column][vc_column width=&#8221;1\/2&#8243; css=&#8221;.vc_custom_1583418902368{padding-top: 0px !important;padding-right: 40px !important;padding-bottom: 0px !important;padding-left: 40px !important;background-color: #ffffff !important;}&#8221;]<style type=\"text\/css\" data-type=\"the7_shortcodes-inline-css\">.shortcode-single-image-wrap.shortcode-single-image-20ff0666b4ec20e815cc0b8d7a97230c.enable-bg-rollover .rollover i,\n.shortcode-single-image-wrap.shortcode-single-image-20ff0666b4ec20e815cc0b8d7a97230c.enable-bg-rollover .rollover-video i {\n  background: -webkit-linear-gradient();\n  background: linear-gradient();\n}\n.shortcode-single-image-wrap.shortcode-single-image-20ff0666b4ec20e815cc0b8d7a97230c .rollover-icon {\n  font-size: 32px;\n  color: #ffffff;\n  min-width: 44px;\n  min-height: 44px;\n  line-height: 44px;\n  border-radius: 100px;\n  border-style: solid;\n  border-width: 0px;\n}\n.dt-icon-bg-on.shortcode-single-image-wrap.shortcode-single-image-20ff0666b4ec20e815cc0b8d7a97230c .rollover-icon {\n  background: rgba(255,255,255,0.3);\n  box-shadow: none;\n}\n<\/style><div class=\"shortcode-single-image-wrap shortcode-single-image-20ff0666b4ec20e815cc0b8d7a97230c alignnone  disable-bg-rollover dt-icon-bg-off\" style=\"margin-top:0px; margin-bottom:0px; margin-left:0px; margin-right:0px; width:500px;\"><div class=\"shortcode-single-image\"><div class=\"fancy-media-wrap\" style=\"\"><a class=\"layzr-bg rollover rollover-zoom dt-pswp-item pswp-image\" href=\"https:\/\/casascala.isoladelba.it\/wp\/wp-content\/uploads\/2020\/07\/Swimmingpool-CasaScala-3-2-scaled.jpg\" title=\"Swimmingpool CasaScala 3\" data-dt-img-description=\"\" data-large_image_width=\"1920\" data-large_image_height = \"2560\"  style=\"\"><img decoding=\"async\" class=\"preload-me lazy-load aspect\" src=\"data:image\/svg+xml,%3Csvg%20xmlns%3D&#39;http%3A%2F%2Fwww.w3.org%2F2000%2Fsvg&#39;%20viewBox%3D&#39;0%200%20500%20666&#39;%2F%3E\" data-src=\"https:\/\/casascala.isoladelba.it\/wp\/wp-content\/uploads\/2020\/07\/Swimmingpool-CasaScala-3-2-scaled-500x666.jpg\" data-srcset=\"https:\/\/casascala.isoladelba.it\/wp\/wp-content\/uploads\/2020\/07\/Swimmingpool-CasaScala-3-2-scaled-500x666.jpg 500w, https:\/\/casascala.isoladelba.it\/wp\/wp-content\/uploads\/2020\/07\/Swimmingpool-CasaScala-3-2-scaled-1000x1332.jpg 1000w\" loading=\"eager\" style=\"--ratio: 500 \/ 666\" sizes=\"(max-width: 500px) 100vw, 500px\" width=\"500\" height=\"666\"  data-dt-location=\"https:\/\/casascala.isoladelba.it\/wp\/it\/appartamenti\/swimmingpool-casascala-3-3\/\" alt=\"\" \/><\/a><\/div><\/div><\/div>[\/vc_column][\/vc_row][vc_row css=&#8221;.vc_custom_1570618368991{padding-top: 70px !important;padding-bottom: 130px !important;}&#8221;][vc_column offset=&#8221;vc_col-md-offset-3 vc_col-md-6&#8243;][vc_empty_space]<div id=\"ultimate-heading-791169e738984c934\" class=\"uvc-heading ult-adjust-bottom-margin ultimate-heading-791169e738984c934 uvc-6332  uvc-heading-default-font-sizes\" data-hspacer=\"no_spacer\"  data-halign=\"center\" style=\"text-align:center\"><div class=\"uvc-heading-spacer no_spacer\" style=\"top\"><\/div><div class=\"uvc-main-heading ult-responsive\"  data-ultimate-target='.uvc-heading.ultimate-heading-791169e738984c934 h2'  data-responsive-json-new='{\"font-size\":\"\",\"line-height\":\"\"}' ><h2 style=\"--font-weight:theme;margin-bottom:35px;\">Dicono di noi<\/h2><\/div><\/div><style type=\"text\/css\" data-type=\"the7_shortcodes-inline-css\">.testimonials-carousel-shortcode.testimonials-carousel-shortcode-id-1873e26f132a0a84b6ba877dd4a3e239.owl-carousel .owl-nav a {\n  width: 36px;\n  height: 36px;\n  border-radius: 500px;\n}\n.testimonials-carousel-shortcode.testimonials-carousel-shortcode-id-1873e26f132a0a84b6ba877dd4a3e239.owl-carousel .owl-nav a:before,\n.testimonials-carousel-shortcode.testimonials-carousel-shortcode-id-1873e26f132a0a84b6ba877dd4a3e239.owl-carousel .owl-nav a:after {\n  border-width: 0px;\n}\n.testimonials-carousel-shortcode.testimonials-carousel-shortcode-id-1873e26f132a0a84b6ba877dd4a3e239.owl-carousel .owl-nav a.owl-prev {\n  top: 50%;\n  transform: translateY(calc(-50% + 0px));\n  left: -43px;\n}\n@media all and (-ms-high-contrast: none) {\n  .testimonials-carousel-shortcode.testimonials-carousel-shortcode-id-1873e26f132a0a84b6ba877dd4a3e239.owl-carousel .owl-nav a.owl-prev {\n    transform: translateY(-50%);\n    margin-top: 0px;\n  }\n}\n.testimonials-carousel-shortcode.testimonials-carousel-shortcode-id-1873e26f132a0a84b6ba877dd4a3e239.owl-carousel .owl-nav a.owl-prev i {\n  padding: 0px 0px 0px 0px;\n}\n.testimonials-carousel-shortcode.testimonials-carousel-shortcode-id-1873e26f132a0a84b6ba877dd4a3e239.owl-carousel .owl-nav a.owl-next {\n  top: 50%;\n  transform: translateY(calc(-50% + 0px));\n  right: -43px;\n}\n@media all and (-ms-high-contrast: none) {\n  .testimonials-carousel-shortcode.testimonials-carousel-shortcode-id-1873e26f132a0a84b6ba877dd4a3e239.owl-carousel .owl-nav a.owl-next {\n    transform: translateY(-50%);\n    margin-top: 0px;\n  }\n}\n.testimonials-carousel-shortcode.testimonials-carousel-shortcode-id-1873e26f132a0a84b6ba877dd4a3e239.owl-carousel .owl-nav a.owl-next i {\n  padding: 0px 0px 0px 0px;\n}\n.testimonials-carousel-shortcode.testimonials-carousel-shortcode-id-1873e26f132a0a84b6ba877dd4a3e239.owl-carousel .owl-nav i {\n  font-size: 18px;\n}\n.testimonials-carousel-shortcode.testimonials-carousel-shortcode-id-1873e26f132a0a84b6ba877dd4a3e239.owl-carousel .owl-nav a:not(:hover) i,\n.testimonials-carousel-shortcode.testimonials-carousel-shortcode-id-1873e26f132a0a84b6ba877dd4a3e239.owl-carousel .owl-nav a:not(:hover) i:before {\n  color: #ffffff;\n  background: none;\n}\n.testimonials-carousel-shortcode.testimonials-carousel-shortcode-id-1873e26f132a0a84b6ba877dd4a3e239.owl-carousel .owl-nav a:hover i,\n.testimonials-carousel-shortcode.testimonials-carousel-shortcode-id-1873e26f132a0a84b6ba877dd4a3e239.owl-carousel .owl-nav a:hover i:before {\n  color: rgba(255,255,255,0.75);\n  background: none;\n}\n.testimonials-carousel-shortcode.testimonials-carousel-shortcode-id-1873e26f132a0a84b6ba877dd4a3e239 .owl-dots {\n  top: calc(100% + 20px);\n  left: 50%;\n  transform: translateX(calc(-50% + 0px));\n}\n@media all and (-ms-high-contrast: none) {\n  .testimonials-carousel-shortcode.testimonials-carousel-shortcode-id-1873e26f132a0a84b6ba877dd4a3e239 .owl-dots {\n    transform: translateX(-50%);\n    margin-left: 0px;\n  }\n}\n.testimonials-carousel-shortcode.testimonials-carousel-shortcode-id-1873e26f132a0a84b6ba877dd4a3e239 .owl-dot {\n  width: 10px;\n  height: 10px;\n  margin: 0 8px;\n}\n@media screen and (max-width: 778px) {\n  .testimonials-carousel-shortcode.testimonials-carousel-shortcode-id-1873e26f132a0a84b6ba877dd4a3e239.hide-arrows.owl-carousel .owl-nav a {\n    display: none;\n  }\n}\n@media screen and (max-width: 778px) {\n  .testimonials-carousel-shortcode.testimonials-carousel-shortcode-id-1873e26f132a0a84b6ba877dd4a3e239.reposition-arrows.owl-carousel .owl-nav .owl-prev {\n    top: 50%;\n    transform: translateY(calc(-50% + 0px));\n    left: -18px;\n  }\n  .testimonials-carousel-shortcode.testimonials-carousel-shortcode-id-1873e26f132a0a84b6ba877dd4a3e239.reposition-arrows.owl-carousel .owl-nav .owl-next {\n    top: 50%;\n    transform: translateY(calc(-50% + 0px));\n    right: -18px;\n  }\n}\n@media screen and (max-width: 778px) and all and (-ms-high-contrast: none) {\n  .testimonials-carousel-shortcode.testimonials-carousel-shortcode-id-1873e26f132a0a84b6ba877dd4a3e239.reposition-arrows.owl-carousel .owl-nav .owl-prev {\n    transform: translateY(-50%);\n    margin-top: 0px;\n  }\n}\n@media screen and (max-width: 778px) and all and (-ms-high-contrast: none) {\n  .testimonials-carousel-shortcode.testimonials-carousel-shortcode-id-1873e26f132a0a84b6ba877dd4a3e239.reposition-arrows.owl-carousel .owl-nav .owl-next {\n    transform: translateY(-50%);\n    margin-top: 0px;\n  }\n}\n.testimonials-carousel-shortcode.testimonials-carousel-shortcode-id-1873e26f132a0a84b6ba877dd4a3e239 .testimonial-item {\n  padding: 0px 0px 0px 0px;\n}\n.testimonials-carousel-shortcode.testimonials-carousel-shortcode-id-1873e26f132a0a84b6ba877dd4a3e239 .testimonial-name,\n.testimonials-carousel-shortcode.testimonials-carousel-shortcode-id-1873e26f132a0a84b6ba877dd4a3e239 .testimonial-name a,\n.testimonials-carousel-shortcode.testimonials-carousel-shortcode-id-1873e26f132a0a84b6ba877dd4a3e239 .testimonial-name span {\n  margin-bottom: 30px;\n  font-size: 18px;\n  line-height: 28px;\n  font-weight: bold;\n}\n.testimonials-carousel-shortcode.testimonials-carousel-shortcode-id-1873e26f132a0a84b6ba877dd4a3e239 .testimonial-position {\n  margin-bottom: 20px;\n}\n.testimonials-carousel-shortcode.testimonials-carousel-shortcode-id-1873e26f132a0a84b6ba877dd4a3e239 .testimonial-position,\n.testimonials-carousel-shortcode.testimonials-carousel-shortcode-id-1873e26f132a0a84b6ba877dd4a3e239 .testimonial-position span {\n  font-weight: bold;\n}\n.testimonials-carousel-shortcode.testimonials-carousel-shortcode-id-1873e26f132a0a84b6ba877dd4a3e239  .testimonial-avatar {\n  padding: 0px 20px 20px 0px;\n}\n.testimonials-carousel-shortcode.testimonials-carousel-shortcode-id-1873e26f132a0a84b6ba877dd4a3e239  .testimonial-avatar a,\n.testimonials-carousel-shortcode.testimonials-carousel-shortcode-id-1873e26f132a0a84b6ba877dd4a3e239  .testimonial-avatar span,\n.testimonials-carousel-shortcode.testimonials-carousel-shortcode-id-1873e26f132a0a84b6ba877dd4a3e239  .testimonial-avatar img {\n  max-width: 80px;\n}\n.testimonials-carousel-shortcode.testimonials-carousel-shortcode-id-1873e26f132a0a84b6ba877dd4a3e239 .dt-css-grid .testimonial-avatar img,\n.testimonials-carousel-shortcode.testimonials-carousel-shortcode-id-1873e26f132a0a84b6ba877dd4a3e239 .dt-css-grid .testimonial-avatar svg {\n  max-width: 100%;\n}\n.testimonials-carousel-shortcode.testimonials-carousel-shortcode-id-1873e26f132a0a84b6ba877dd4a3e239.layout-5:not(.hide-testimonial-avatar) .content-wrap,\n.testimonials-carousel-shortcode.testimonials-carousel-shortcode-id-1873e26f132a0a84b6ba877dd4a3e239.layout-6:not(.hide-testimonial-avatar) .content-wrap {\n  width: calc(100% - 80px - 20px - 0px);\n}\n.testimonials-carousel-shortcode.testimonials-carousel-shortcode-id-1873e26f132a0a84b6ba877dd4a3e239 .testimonial-content {\n  margin-bottom: 0px;\n}\n.testimonials-carousel-shortcode.testimonials-carousel-shortcode-id-1873e26f132a0a84b6ba877dd4a3e239  .testimonial-avatar,\n.testimonials-carousel-shortcode.testimonials-carousel-shortcode-id-1873e26f132a0a84b6ba877dd4a3e239  .testimonial-avatar a.rollover,\n.testimonials-carousel-shortcode.testimonials-carousel-shortcode-id-1873e26f132a0a84b6ba877dd4a3e239  .testimonial-avatar a.rollover *,\n.testimonials-carousel-shortcode.testimonials-carousel-shortcode-id-1873e26f132a0a84b6ba877dd4a3e239  .testimonial-avatar img,\n.testimonials-carousel-shortcode.testimonials-carousel-shortcode-id-1873e26f132a0a84b6ba877dd4a3e239  .testimonial-avatar .no-avatar,\n.testimonials-carousel-shortcode.testimonials-carousel-shortcode-id-1873e26f132a0a84b6ba877dd4a3e239  .testim-no-avatar {\n  border-radius: 500px;\n}\n.testimonials-carousel-shortcode.testimonials-carousel-shortcode-id-1873e26f132a0a84b6ba877dd4a3e239  .testimonial-avatar .no-avatar {\n  height: 80px;\n}\n.testimonials-carousel-shortcode.testimonials-carousel-shortcode-id-1873e26f132a0a84b6ba877dd4a3e239  .testimonial-avatar .no-avatar {\n  font-size: 80px;\n  width: 80px;\n}\n<\/style><div class=\"owl-carousel testimonials-carousel-shortcode dt-testimonials-shortcode dt-owl-carousel-call testimonials-carousel-shortcode-id-1873e26f132a0a84b6ba877dd4a3e239 content-align-center layout-1 content-bg-off hide-testimonial-position hide-testimonial-avatar bullets-scale-up reposition-arrows arrows-bg-on dt-arrow-border-on dt-arrow-hover-border-on disable-arrows-hover-bg arrows-hover-bg-on  \" data-scroll-mode=\"1\" data-col-num=\"1\" data-wide-col-num=\"1\" data-laptop-col=\"1\" data-h-tablet-columns-num=\"1\" data-v-tablet-columns-num=\"1\" data-phone-columns-num=\"1\" data-auto-height=\"true\" data-col-gap=\"1\" data-stage-padding=\"0\" data-speed=\"600\" data-autoplay=\"true\" data-autoplay_speed=\"2500\" data-arrows=\"false\" data-bullet=\"true\" data-next-icon=\"icon-ar-017-r\" data-prev-icon=\"icon-ar-017-l\"><div class=\"testimonial-item\"><div class=\"content-wrap\"><div class=\"testimonial-vcard\"><div class=\"testimonial-name\"><span class=\"text-primary\">Federico Z, Italia<\/span><br \/><\/div><div class=\"testimonial-position\"><\/div><\/div><div class=\"testimonial-content\"><p>Appartamenti immersi nella pace e nella natura. Vicino al mare (1,5km) e ad ogni servizio. Fantastico!<\/p>\n<\/div><\/div><\/div><div class=\"testimonial-item\"><div class=\"content-wrap\"><div class=\"testimonial-vcard\"><div class=\"testimonial-name\"><span class=\"text-primary\">Stefania ed Emiliano, Italia<\/span><br \/><\/div><div class=\"testimonial-position\"><\/div><\/div><div class=\"testimonial-content\"><p>Stefania \u00e8 semplicemente una persona splendida. Location fantastica per esplorare l&#8217;isola&#8230; gli appartamenti hanno tutto ci\u00f2 che serve per sentirti a casa. Grazie per la bella ospitalit\u00e0!<\/p>\n<\/div><\/div><\/div><div class=\"testimonial-item\"><div class=\"content-wrap\"><div class=\"testimonial-vcard\"><div class=\"testimonial-name\"><span class=\"text-primary\">Ettore S, Italia<\/span><br \/><\/div><div class=\"testimonial-position\"><\/div><\/div><div class=\"testimonial-content\"><p>Stefania \u00e8 estremamente gentile! Pulitissima la piscina e splendido il giardino<\/p>\n<\/div><\/div><\/div><div class=\"testimonial-item\"><div class=\"content-wrap\"><div class=\"testimonial-vcard\"><div class=\"testimonial-name\"><span class=\"text-primary\">Federico Z, Italy<\/span><br \/><\/div><div class=\"testimonial-position\"><\/div><\/div><div class=\"testimonial-content\"><p>Peaceful place immersed in the nature. Close to the sea (1.5 km away) and to every facility! I loved it!<\/p>\n<\/div><\/div><\/div><div class=\"testimonial-item\"><div class=\"content-wrap\"><div class=\"testimonial-vcard\"><div class=\"testimonial-name\"><span class=\"text-primary\">Stefania and Emiliano, Italy<\/span><br \/><\/div><div class=\"testimonial-position\"><\/div><\/div><div class=\"testimonial-content\"><p>Stefania is simply a super host. Great location to explore the island and the apartments have all you need to feel at home. Thank you for the great hospitality!<\/p>\n<\/div><\/div><\/div><div class=\"testimonial-item\"><div class=\"content-wrap\"><div class=\"testimonial-vcard\"><div class=\"testimonial-name\"><span class=\"text-primary\">Ettore S., Italy<\/span><br \/><\/div><div class=\"testimonial-position\"><\/div><\/div><div class=\"testimonial-content\"><p>Stefania is a very kind owner. Lovely clean swimming pool and fabulous location!<\/p>\n<\/div><\/div><\/div><\/div>[\/vc_column][\/vc_row]<\/p>\n<\/div>","protected":false},"excerpt":{"rendered":"<p>[vc_row content_placement=&#8221;middle&#8221; css=&#8221;.vc_custom_1583362735289{margin-right: 0px !important;margin-left: 0px !important;padding-bottom: 20px !important;}&#8221;][vc_column width=&#8221;1\/2&#8243; css=&#8221;.vc_custom_1596812607244{margin-top: -20px !important;margin-right: 0px !important;padding-top: 50px !important;padding-right: 0px !important;padding-bottom: 50px !important;}&#8221;][\/vc_column][vc_column width=&#8221;1\/2&#8243; css=&#8221;.vc_custom_1583358913225{padding-top: 0px !important;padding-right: 0px !important;padding-bottom: 0px !important;padding-left: 0px !important;background-color: #ffffff !important;}&#8221;][\/vc_column][\/vc_row][vc_row equal_height=&#8221;yes&#8221; content_placement=&#8221;middle&#8221; css=&#8221;.vc_custom_1583402742669{margin-right: 0px !important;margin-left: 0px !important;padding-bottom: 0px !important;}&#8221;][vc_column width=&#8221;1\/2&#8243; css=&#8221;.vc_custom_1596812618418{margin-top: -60px !important;margin-right: 0px !important;padding-top: 100px !important;padding-right: 0px !important;padding-bottom: 100px !important;}&#8221;][\/vc_column][vc_column width=&#8221;1\/2&#8243;&hellip;<\/p>\n","protected":false},"author":1,"featured_media":0,"parent":0,"menu_order":0,"comment_status":"closed","ping_status":"closed","template":"","meta":{"footnotes":""},"_links":{"self":[{"href":"https:\/\/casascala.isoladelba.it\/wp\/wp-json\/wp\/v2\/pages\/1942"}],"collection":[{"href":"https:\/\/casascala.isoladelba.it\/wp\/wp-json\/wp\/v2\/pages"}],"about":[{"href":"https:\/\/casascala.isoladelba.it\/wp\/wp-json\/wp\/v2\/types\/page"}],"author":[{"embeddable":true,"href":"https:\/\/casascala.isoladelba.it\/wp\/wp-json\/wp\/v2\/users\/1"}],"replies":[{"embeddable":true,"href":"https:\/\/casascala.isoladelba.it\/wp\/wp-json\/wp\/v2\/comments?post=1942"}],"version-history":[{"count":7,"href":"https:\/\/casascala.isoladelba.it\/wp\/wp-json\/wp\/v2\/pages\/1942\/revisions"}],"predecessor-version":[{"id":2515,"href":"https:\/\/casascala.isoladelba.it\/wp\/wp-json\/wp\/v2\/pages\/1942\/revisions\/2515"}],"wp:attachment":[{"href":"https:\/\/casascala.isoladelba.it\/wp\/wp-json\/wp\/v2\/media?parent=1942"}],"curies":[{"name":"wp","href":"https:\/\/api.w.org\/{rel}","templated":true}]}}